{"id":1624,"date":"2025-05-12T09:24:41","date_gmt":"2025-05-12T09:24:41","guid":{"rendered":"http:\/\/irm.cz\/?page_id=1624"},"modified":"2025-05-13T09:34:00","modified_gmt":"2025-05-13T09:34:00","slug":"canusa_stolni_1","status":"publish","type":"page","link":"https:\/\/irm.cz\/de\/canusa_stolni_1\/","title":{"rendered":"Canusa_stoln\u00ed_1"},"content":{"rendered":"<p>[et_pb_section fb_built=&#8220;1&#8243; specialty=&#8220;on&#8220; _builder_version=&#8220;4.16&#8243; _module_preset=&#8220;default&#8220; global_colors_info=&#8220;{}&#8220;][et_pb_column type=&#8220;1_4&#8243; _builder_version=&#8220;4.16&#8243; custom_padding=&#8220;|||&#8220; global_colors_info=&#8220;{}&#8220; custom_padding__hover=&#8220;|||&#8220;][et_pb_menu menu_id=&#8220;7&#8243; active_link_color=&#8220;#a92d31&#8243; menu_icon_color=&#8220;#333c5f&#8220; module_id=&#8220;side-menu&#8220; _builder_version=&#8220;4.16&#8243; _module_preset=&#8220;default&#8220; menu_font=&#8220;|600|||||||&#8220; menu_text_color=&#8220;#000000&#8243; menu_font_size=&#8220;16px&#8220; menu_line_height=&#8220;1.3em&#8220; z_index=&#8220;50&#8243; custom_margin=&#8220;1em|-2.5em|1em||true|false&#8220; custom_padding=&#8220;0.5em||1em|2.5em|false|false&#8220; text_orientation_tablet=&#8220;left&#8220; text_orientation_phone=&#8220;&#8220; text_orientation_last_edited=&#8220;on|tablet&#8220; custom_css_main_element=&#8220;#side-menu li {||border: 1px black solid !important; ||}&#8220; box_shadow_style=&#8220;preset6&#8243; box_shadow_blur=&#8220;13px&#8220; box_shadow_color=&#8220;rgba(12,113,195,0.4)&#8220; global_colors_info=&#8220;{}&#8220;][\/et_pb_menu][\/et_pb_column][et_pb_column type=&#8220;3_4&#8243; specialty_columns=&#8220;3&#8243; _builder_version=&#8220;4.16&#8243; custom_padding=&#8220;|||&#8220; global_colors_info=&#8220;{}&#8220; custom_padding__hover=&#8220;|||&#8220;][et_pb_row_inner _builder_version=&#8220;4.16&#8243; _module_preset=&#8220;default&#8220; global_colors_info=&#8220;{}&#8220;][et_pb_column_inner saved_specialty_column_type=&#8220;3_4&#8243; _builder_version=&#8220;4.16&#8243; _module_preset=&#8220;default&#8220; global_colors_info=&#8220;{}&#8220;][et_pb_text module_class=&#8220;odrazky&#8220; _builder_version=&#8220;4.16&#8243; _module_preset=&#8220;default&#8220; global_colors_info=&#8220;{}&#8220;]<\/p>\n<h2>DSG Canusa<\/h2>\n<p>[\/et_pb_text][\/et_pb_column_inner][\/et_pb_row_inner][et_pb_row_inner _builder_version=&#8220;4.16&#8243; _module_preset=&#8220;default&#8220; global_colors_info=&#8220;{}&#8220;][et_pb_column_inner saved_specialty_column_type=&#8220;3_4&#8243; _builder_version=&#8220;4.16&#8243; _module_preset=&#8220;default&#8220; global_colors_info=&#8220;{}&#8220;][et_pb_text module_class=&#8220;odrazky&#8220; _builder_version=&#8220;4.16&#8243; _module_preset=&#8220;default&#8220; global_colors_info=&#8220;{}&#8220;]<\/p>\n<ul>\n<li>za\u0159\u00edzen\u00ed Deray-Dockman pro smr\u0161\u0165ov\u00e1n\u00ed hadic<\/li>\n<li>po celkov\u00e9 oprav\u011b<\/li>\n<li>tepeln\u00fd \u010dl\u00e1nek 3300W, 230V<\/li>\n<li>rozm\u011bry smr\u0161\u0165ovac\u00ed z\u00f3ny: \u0161\u00ed\u0159ka 36mm, otvor 45mm, smr\u0161\u0165ovac\u00ed otvor 56,5mm<\/li>\n<li>pracovn\u00ed teplota 250\u00b0C<\/li>\n<li>nastaviteln\u00fd \u010das smr\u0161\u0165ov\u00e1n\u00ed<\/li>\n<\/ul>\n<p>[\/et_pb_text][et_pb_gallery gallery_ids=&#8220;1619&#8243; fullwidth=&#8220;on&#8220; _builder_version=&#8220;4.27.4&#8243; _module_preset=&#8220;default&#8220; global_colors_info=&#8220;{}&#8220;][\/et_pb_gallery][et_pb_text _builder_version=&#8220;4.25.1&#8243; _dynamic_attributes=&#8220;link_option_url&#8220; _module_preset=&#8220;default&#8220; link_option_url=&#8220;@ET-DC@eyJkeW5hbWljIjp0cnVlLCJjb250ZW50IjoicG9zdF9saW5rX3VybF9wYWdlIiwic2V0dGluZ3MiOnsicG9zdF9pZCI6IjMyIn19@&#8220; global_colors_info=&#8220;{}&#8220;]<\/p>\n<p><span style=\"text-decoration: underline;\"><strong>Pro v\u00edce informac\u00ed n\u00e1s kontaktujte telefonicky \u010di e-mailem.<\/strong><\/span><\/p>\n<p>[\/et_pb_text][et_pb_text _builder_version=&#8220;4.25.1&#8243; _module_preset=&#8220;default&#8220; global_colors_info=&#8220;{}&#8220;]<\/p>\n<p>Tak\u00e9 je mo\u017en\u00e9 vyplnit tento kontaktn\u00ed formul\u00e1\u0159 a my se v\u00e1m co nejd\u0159\u00edve ozveme.<\/p>\n<p>[\/et_pb_text][et_pb_contact_form _builder_version=&#8220;4.16&#8243; _module_preset=&#8220;default&#8220; _unique_id=&#8220;b54b266f-9375-445f-8af6-1fe27d4159fb&#8220; width=&#8220;72%&#8220; global_colors_info=&#8220;{}&#8220;][et_pb_contact_field field_id=&#8220;Name&#8220; field_title=&#8220;Jm\u00e9no&#8220; _builder_version=&#8220;4.16&#8243; global_colors_info=&#8220;{}&#8220; button_text_size__hover_enabled=&#8220;off&#8220; button_one_text_size__hover_enabled=&#8220;off&#8220; button_two_text_size__hover_enabled=&#8220;off&#8220; button_text_color__hover_enabled=&#8220;off&#8220; button_one_text_color__hover_enabled=&#8220;off&#8220; button_two_text_color__hover_enabled=&#8220;off&#8220; button_border_width__hover_enabled=&#8220;off&#8220; button_one_border_width__hover_enabled=&#8220;off&#8220; button_two_border_width__hover_enabled=&#8220;off&#8220; button_border_color__hover_enabled=&#8220;off&#8220; button_one_border_color__hover_enabled=&#8220;off&#8220; button_two_border_color__hover_enabled=&#8220;off&#8220; button_border_radius__hover_enabled=&#8220;off&#8220; button_one_border_radius__hover_enabled=&#8220;off&#8220; button_two_border_radius__hover_enabled=&#8220;off&#8220; button_letter_spacing__hover_enabled=&#8220;off&#8220; button_one_letter_spacing__hover_enabled=&#8220;off&#8220; button_two_letter_spacing__hover_enabled=&#8220;off&#8220; button_bg_color__hover_enabled=&#8220;off&#8220; button_one_bg_color__hover_enabled=&#8220;off&#8220; button_two_bg_color__hover_enabled=&#8220;off&#8220;][\/et_pb_contact_field][et_pb_contact_field field_id=&#8220;Email&#8220; field_title=&#8220;E-mailov\u00e1 adresa&#8220; field_type=&#8220;email&#8220; _builder_version=&#8220;4.16&#8243; global_colors_info=&#8220;{}&#8220; button_text_size__hover_enabled=&#8220;off&#8220; button_one_text_size__hover_enabled=&#8220;off&#8220; button_two_text_size__hover_enabled=&#8220;off&#8220; button_text_color__hover_enabled=&#8220;off&#8220; button_one_text_color__hover_enabled=&#8220;off&#8220; button_two_text_color__hover_enabled=&#8220;off&#8220; button_border_width__hover_enabled=&#8220;off&#8220; button_one_border_width__hover_enabled=&#8220;off&#8220; button_two_border_width__hover_enabled=&#8220;off&#8220; button_border_color__hover_enabled=&#8220;off&#8220; button_one_border_color__hover_enabled=&#8220;off&#8220; button_two_border_color__hover_enabled=&#8220;off&#8220; button_border_radius__hover_enabled=&#8220;off&#8220; button_one_border_radius__hover_enabled=&#8220;off&#8220; button_two_border_radius__hover_enabled=&#8220;off&#8220; button_letter_spacing__hover_enabled=&#8220;off&#8220; button_one_letter_spacing__hover_enabled=&#8220;off&#8220; button_two_letter_spacing__hover_enabled=&#8220;off&#8220; button_bg_color__hover_enabled=&#8220;off&#8220; button_one_bg_color__hover_enabled=&#8220;off&#8220; button_two_bg_color__hover_enabled=&#8220;off&#8220;][\/et_pb_contact_field][et_pb_contact_field field_id=&#8220;telefon&#8220; field_title=&#8220;phone&#8220; fullwidth_field=&#8220;on&#8220; _builder_version=&#8220;4.16&#8243; _module_preset=&#8220;default&#8220; global_colors_info=&#8220;{}&#8220;][\/et_pb_contact_field][et_pb_contact_field field_id=&#8220;Message&#8220; field_title=&#8220;Zpr\u00e1va&#8220; field_type=&#8220;text&#8220; fullwidth_field=&#8220;on&#8220; _builder_version=&#8220;4.16&#8243; global_colors_info=&#8220;{}&#8220; button_text_size__hover_enabled=&#8220;off&#8220; button_one_text_size__hover_enabled=&#8220;off&#8220; button_two_text_size__hover_enabled=&#8220;off&#8220; button_text_color__hover_enabled=&#8220;off&#8220; button_one_text_color__hover_enabled=&#8220;off&#8220; button_two_text_color__hover_enabled=&#8220;off&#8220; button_border_width__hover_enabled=&#8220;off&#8220; button_one_border_width__hover_enabled=&#8220;off&#8220; button_two_border_width__hover_enabled=&#8220;off&#8220; button_border_color__hover_enabled=&#8220;off&#8220; button_one_border_color__hover_enabled=&#8220;off&#8220; button_two_border_color__hover_enabled=&#8220;off&#8220; button_border_radius__hover_enabled=&#8220;off&#8220; button_one_border_radius__hover_enabled=&#8220;off&#8220; button_two_border_radius__hover_enabled=&#8220;off&#8220; button_letter_spacing__hover_enabled=&#8220;off&#8220; button_one_letter_spacing__hover_enabled=&#8220;off&#8220; button_two_letter_spacing__hover_enabled=&#8220;off&#8220; button_bg_color__hover_enabled=&#8220;off&#8220; button_one_bg_color__hover_enabled=&#8220;off&#8220; button_two_bg_color__hover_enabled=&#8220;off&#8220;][\/et_pb_contact_field][et_pb_contact_field field_id=&#8220;irm_page_title&#8220; field_title=&#8220;IRM produkt&#8220; required_mark=&#8220;off&#8220; fullwidth_field=&#8220;on&#8220; _builder_version=&#8220;4.16&#8243; _module_preset=&#8220;default&#8220; global_colors_info=&#8220;{}&#8220;][\/et_pb_contact_field][et_pb_contact_field field_id=&#8220;irm_page_url&#8220; field_title=&#8220;URL produktu&#8220; required_mark=&#8220;off&#8220; fullwidth_field=&#8220;on&#8220; _builder_version=&#8220;4.16&#8243; _module_preset=&#8220;default&#8220; global_colors_info=&#8220;{}&#8220;][\/et_pb_contact_field][\/et_pb_contact_form][\/et_pb_column_inner][\/et_pb_row_inner][\/et_pb_column][\/et_pb_section]<\/p>\n","protected":false},"excerpt":{"rendered":"<p>DSG Canusa za\u0159\u00edzen\u00ed Deray-Dockman pro smr\u0161\u0165ov\u00e1n\u00ed hadic po celkov\u00e9 oprav\u011b tepeln\u00fd \u010dl\u00e1nek 3300W, 230V rozm\u011bry smr\u0161\u0165ovac\u00ed z\u00f3ny: \u0161\u00ed\u0159ka 36mm, otvor 45mm, smr\u0161\u0165ovac\u00ed otvor 56,5mm pracovn\u00ed teplota 250\u00b0C nastaviteln\u00fd \u010das smr\u0161\u0165ov\u00e1n\u00ed Pro v\u00edce informac\u00ed n\u00e1s kontaktujte telefonicky \u010di e-mailem.Tak\u00e9 je mo\u017en\u00e9 vyplnit tento kontaktn\u00ed formul\u00e1\u0159 a my se v\u00e1m co nejd\u0159\u00edve ozveme.<\/p>","protected":false},"author":5,"featured_media":0,"parent":0,"menu_order":0,"comment_status":"closed","ping_status":"closed","template":"","meta":{"_et_pb_use_builder":"on","_et_pb_old_content":"","_et_gb_content_width":"","footnotes":""},"class_list":["post-1624","page","type-page","status-publish","hentry"],"_links":{"self":[{"href":"https:\/\/irm.cz\/de\/wp-json\/wp\/v2\/pages\/1624","targetHints":{"allow":["GET"]}}],"collection":[{"href":"https:\/\/irm.cz\/de\/wp-json\/wp\/v2\/pages"}],"about":[{"href":"https:\/\/irm.cz\/de\/wp-json\/wp\/v2\/types\/page"}],"author":[{"embeddable":true,"href":"https:\/\/irm.cz\/de\/wp-json\/wp\/v2\/users\/5"}],"replies":[{"embeddable":true,"href":"https:\/\/irm.cz\/de\/wp-json\/wp\/v2\/comments?post=1624"}],"version-history":[{"count":5,"href":"https:\/\/irm.cz\/de\/wp-json\/wp\/v2\/pages\/1624\/revisions"}],"predecessor-version":[{"id":1639,"href":"https:\/\/irm.cz\/de\/wp-json\/wp\/v2\/pages\/1624\/revisions\/1639"}],"wp:attachment":[{"href":"https:\/\/irm.cz\/de\/wp-json\/wp\/v2\/media?parent=1624"}],"curies":[{"name":"wp","href":"https:\/\/api.w.org\/{rel}","templated":true}]}}