{"id":1605,"date":"2025-05-07T14:11:10","date_gmt":"2025-05-07T14:11:10","guid":{"rendered":"http:\/\/irm.cz\/?page_id=1605"},"modified":"2025-05-28T11:51:16","modified_gmt":"2025-05-28T11:51:16","slug":"shrinking","status":"publish","type":"page","link":"https:\/\/irm.cz\/en\/shrinking\/","title":{"rendered":"shrinking"},"content":{"rendered":"<p>[et_pb_section fb_built=&#8220;1&#8243; specialty=&#8220;on&#8220; _builder_version=&#8220;4.16&#8243; _module_preset=&#8220;default&#8220; global_colors_info=&#8220;{}&#8220;][et_pb_column type=&#8220;1_4&#8243; _builder_version=&#8220;4.16&#8243; custom_padding=&#8220;|||&#8220; global_colors_info=&#8220;{}&#8220; custom_padding__hover=&#8220;|||&#8220;][et_pb_menu menu_id=&#8220;7&#8243; active_link_color=&#8220;#a92d31&#8243; menu_icon_color=&#8220;#333c5f&#8220; module_id=&#8220;side-menu&#8220; _builder_version=&#8220;4.16&#8243; _module_preset=&#8220;default&#8220; menu_font=&#8220;|600|||||||&#8220; menu_text_color=&#8220;#000000&#8243; menu_font_size=&#8220;16px&#8220; menu_line_height=&#8220;1.3em&#8220; z_index=&#8220;50&#8243; custom_margin=&#8220;1em|-2.5em|1em||true|false&#8220; custom_padding=&#8220;0.5em||1em|2.5em|false|false&#8220; text_orientation_tablet=&#8220;left&#8220; text_orientation_phone=&#8220;&#8220; text_orientation_last_edited=&#8220;on|tablet&#8220; custom_css_main_element=&#8220;#side-menu li {||border: 1px black solid !important; ||}&#8220; box_shadow_style=&#8220;preset6&#8243; box_shadow_blur=&#8220;13px&#8220; box_shadow_color=&#8220;rgba(12,113,195,0.4)&#8220; global_colors_info=&#8220;{}&#8220;][\/et_pb_menu][\/et_pb_column][et_pb_column type=&#8220;3_4&#8243; specialty_columns=&#8220;3&#8243; _builder_version=&#8220;4.16&#8243; custom_padding=&#8220;|||&#8220; global_colors_info=&#8220;{}&#8220; custom_padding__hover=&#8220;|||&#8220;][et_pb_row_inner column_structure=&#8220;1_3,1_3,1_3&#8243; _builder_version=&#8220;4.16&#8243; _module_preset=&#8220;default&#8220; global_colors_info=&#8220;{}&#8220;][et_pb_column_inner type=&#8220;1_3&#8243; saved_specialty_column_type=&#8220;3_4&#8243; _builder_version=&#8220;4.16&#8243; _module_preset=&#8220;default&#8220; global_colors_info=&#8220;{}&#8220;][et_pb_text module_class=&#8220;odrazky&#8220; _builder_version=&#8220;4.27.4&#8243; _module_preset=&#8220;default&#8220; width=&#8220;99.3%&#8220; min_height=&#8220;24px&#8220; custom_margin=&#8220;|-151px||||&#8220; custom_padding=&#8220;|0px|2px|||&#8220; global_colors_info=&#8220;{}&#8220;]<\/p>\n<h1>Smr\u0161\u0165ov\u00e1n\u00ed hadic<\/h1>\n<p>[\/et_pb_text][\/et_pb_column_inner][et_pb_column_inner type=&#8220;1_3&#8243; saved_specialty_column_type=&#8220;3_4&#8243; _builder_version=&#8220;4.16&#8243; _module_preset=&#8220;default&#8220; global_colors_info=&#8220;{}&#8220;][\/et_pb_column_inner][et_pb_column_inner type=&#8220;1_3&#8243; saved_specialty_column_type=&#8220;3_4&#8243; _builder_version=&#8220;4.16&#8243; _module_preset=&#8220;default&#8220; global_colors_info=&#8220;{}&#8220;][\/et_pb_column_inner][\/et_pb_row_inner][et_pb_row_inner column_structure=&#8220;1_3,1_3,1_3&#8243; _builder_version=&#8220;4.16&#8243; _module_preset=&#8220;default&#8220; width_tablet=&#8220;45%&#8220; width_phone=&#8220;80%&#8220; width_last_edited=&#8220;on|phone&#8220; module_alignment_tablet=&#8220;center&#8220; module_alignment_phone=&#8220;&#8220; module_alignment_last_edited=&#8220;on|tablet&#8220; global_colors_info=&#8220;{}&#8220;][et_pb_column_inner type=&#8220;1_3&#8243; saved_specialty_column_type=&#8220;3_4&#8243; _builder_version=&#8220;4.16&#8243; _module_preset=&#8220;default&#8220; custom_padding=&#8220;10px|10px|10px|10px|true|true&#8220; box_shadow_style=&#8220;preset6&#8243; box_shadow_blur=&#8220;11px&#8220; box_shadow_color=&#8220;rgba(12,113,195,0.3)&#8220; global_colors_info=&#8220;{}&#8220; box_shadow_color__hover_enabled=&#8220;on|desktop&#8220; box_shadow_color__hover=&#8220;rgba(169,45,49,0.7)&#8220;][et_pb_image src=&#8220;http:\/\/irm.cz\/wp-content\/uploads\/2025\/05\/DSG-Canusa-mobilni-verze-scaled-1.jpg&#8220; title_text=&#8220;DSG-Canusa-mobilni-verze-scaled&#8220; url=&#8220;@ET-DC@eyJkeW5hbWljIjp0cnVlLCJjb250ZW50IjoicG9zdF9saW5rX3VybF9wYWdlIiwic2V0dGluZ3MiOnsicG9zdF9pZCI6IjE2MTQifX0=@&#8220; align=&#8220;center&#8220; _builder_version=&#8220;4.27.4&#8243; _dynamic_attributes=&#8220;url&#8220; _module_preset=&#8220;default&#8220; height=&#8220;14em&#8220; global_colors_info=&#8220;{}&#8220;][\/et_pb_image][et_pb_text _builder_version=&#8220;4.27.4&#8243; _dynamic_attributes=&#8220;link_option_url&#8220; _module_preset=&#8220;default&#8220; link_option_url=&#8220;@ET-DC@eyJkeW5hbWljIjp0cnVlLCJjb250ZW50IjoicG9zdF9saW5rX3VybF9wYWdlIiwic2V0dGluZ3MiOnsicG9zdF9pZCI6IjE2MTQifX0=@&#8220; global_colors_info=&#8220;{}&#8220;]<\/p>\n<h5 style=\"text-align: center;\">DSG Canusa &#8211; mobiln\u00ed verze<\/h5>\n<p>[\/et_pb_text][\/et_pb_column_inner][et_pb_column_inner type=&#8220;1_3&#8243; saved_specialty_column_type=&#8220;3_4&#8243; _builder_version=&#8220;4.16&#8243; _module_preset=&#8220;default&#8220; custom_padding=&#8220;10px|10px|10px|10px|true|true&#8220; box_shadow_style=&#8220;preset6&#8243; box_shadow_blur=&#8220;11px&#8220; box_shadow_color=&#8220;rgba(12,113,195,0.3)&#8220; global_colors_info=&#8220;{}&#8220; box_shadow_color__hover_enabled=&#8220;on|desktop&#8220; box_shadow_color__hover=&#8220;rgba(169,45,49,0.7)&#8220;][et_pb_image src=&#8220;http:\/\/irm.cz\/wp-content\/uploads\/2025\/05\/DSG-Canusa-stolni-verze-scaled-1.jpg&#8220; title_text=&#8220;DSG-Canusa-stolni-verze-scaled&#8220; url=&#8220;@ET-DC@eyJkeW5hbWljIjp0cnVlLCJjb250ZW50IjoicG9zdF9saW5rX3VybF9wYWdlIiwic2V0dGluZ3MiOnsicG9zdF9pZCI6IjE2MjQifX0=@&#8220; align=&#8220;center&#8220; _builder_version=&#8220;4.27.4&#8243; _dynamic_attributes=&#8220;url&#8220; _module_preset=&#8220;default&#8220; height=&#8220;14em&#8220; global_colors_info=&#8220;{}&#8220;][\/et_pb_image][et_pb_text _builder_version=&#8220;4.27.4&#8243; _dynamic_attributes=&#8220;link_option_url&#8220; _module_preset=&#8220;default&#8220; link_option_url=&#8220;@ET-DC@eyJkeW5hbWljIjp0cnVlLCJjb250ZW50IjoicG9zdF9saW5rX3VybF9wYWdlIiwic2V0dGluZ3MiOnsicG9zdF9pZCI6IjE2MjQifX0=@&#8220; global_colors_info=&#8220;{}&#8220;]<\/p>\n<h5 style=\"text-align: center;\">DSG Canusa &#8211; stoln\u00ed verze<\/h5>\n<p>[\/et_pb_text][\/et_pb_column_inner][et_pb_column_inner type=&#8220;1_3&#8243; saved_specialty_column_type=&#8220;3_4&#8243; _builder_version=&#8220;4.16&#8243; _module_preset=&#8220;default&#8220; custom_padding=&#8220;10px|10px|10px|10px|true|true&#8220; box_shadow_style=&#8220;preset6&#8243; box_shadow_blur=&#8220;11px&#8220; box_shadow_color=&#8220;rgba(12,113,195,0.3)&#8220; global_colors_info=&#8220;{}&#8220; box_shadow_color__hover_enabled=&#8220;on|desktop&#8220; box_shadow_color__hover=&#8220;rgba(169,45,49,0.7)&#8220;][et_pb_image src=&#8220;http:\/\/irm.cz\/wp-content\/uploads\/2025\/05\/DSG-Canusa-stolni-verze-1-scaled-1.jpg&#8220; title_text=&#8220;DSG-Canusa-stolni-verze-1-scaled&#8220; url=&#8220;@ET-DC@eyJkeW5hbWljIjp0cnVlLCJjb250ZW50IjoicG9zdF9saW5rX3VybF9wYWdlIiwic2V0dGluZ3MiOnsicG9zdF9pZCI6IjE2MjcifX0=@&#8220; align=&#8220;center&#8220; _builder_version=&#8220;4.27.4&#8243; _dynamic_attributes=&#8220;url&#8220; _module_preset=&#8220;default&#8220; height=&#8220;14em&#8220; global_colors_info=&#8220;{}&#8220;][\/et_pb_image][et_pb_text _builder_version=&#8220;4.27.4&#8243; _dynamic_attributes=&#8220;link_option_url&#8220; _module_preset=&#8220;default&#8220; link_option_url=&#8220;@ET-DC@eyJkeW5hbWljIjp0cnVlLCJjb250ZW50IjoicG9zdF9saW5rX3VybF9wYWdlIiwic2V0dGluZ3MiOnsicG9zdF9pZCI6IjE2MjcifX0=@&#8220; global_colors_info=&#8220;{}&#8220;]<\/p>\n<h5 style=\"text-align: center;\">DSG Canusa &#8211; stoln\u00ed verze<\/h5>\n<p>[\/et_pb_text][\/et_pb_column_inner][\/et_pb_row_inner][et_pb_row_inner column_structure=&#8220;1_3,1_3,1_3&#8243; _builder_version=&#8220;4.16&#8243; _module_preset=&#8220;default&#8220; width_tablet=&#8220;45%&#8220; width_phone=&#8220;80%&#8220; width_last_edited=&#8220;on|phone&#8220; module_alignment_tablet=&#8220;center&#8220; module_alignment_phone=&#8220;&#8220; module_alignment_last_edited=&#8220;on|tablet&#8220; global_colors_info=&#8220;{}&#8220;][et_pb_column_inner type=&#8220;1_3&#8243; saved_specialty_column_type=&#8220;3_4&#8243; _builder_version=&#8220;4.16&#8243; _module_preset=&#8220;default&#8220; custom_padding=&#8220;10px|10px|10px|10px|true|true&#8220; box_shadow_style=&#8220;preset6&#8243; box_shadow_blur=&#8220;11px&#8220; box_shadow_color=&#8220;rgba(12,113,195,0.3)&#8220; global_colors_info=&#8220;{}&#8220; box_shadow_color__hover_enabled=&#8220;on|desktop&#8220; box_shadow_color__hover=&#8220;rgba(169,45,49,0.7)&#8220;][et_pb_image src=&#8220;http:\/\/irm.cz\/wp-content\/uploads\/2025\/05\/Terawo-infra_scaled-1-scaled.jpg&#8220; title_text=&#8220;Terawo infra_scaled&#8220; url=&#8220;@ET-DC@eyJkeW5hbWljIjp0cnVlLCJjb250ZW50IjoicG9zdF9saW5rX3VybF9wYWdlIiwic2V0dGluZ3MiOnsicG9zdF9pZCI6IjE2ODAifX0=@&#8220; align=&#8220;center&#8220; _builder_version=&#8220;4.27.4&#8243; _dynamic_attributes=&#8220;url&#8220; _module_preset=&#8220;default&#8220; height=&#8220;14em&#8220; global_colors_info=&#8220;{}&#8220;][\/et_pb_image][et_pb_text _builder_version=&#8220;4.27.4&#8243; _dynamic_attributes=&#8220;link_option_url&#8220; _module_preset=&#8220;default&#8220; link_option_url=&#8220;@ET-DC@eyJkeW5hbWljIjp0cnVlLCJjb250ZW50IjoicG9zdF9saW5rX3VybF9wYWdlIiwic2V0dGluZ3MiOnsicG9zdF9pZCI6IjE2ODAifX0=@&#8220; hover_enabled=&#8220;0&#8243; global_colors_info=&#8220;{}&#8220; sticky_enabled=&#8220;0&#8243;]<\/p>\n<h5 style=\"text-align: center;\">TERAWO Automation IR smr\u0161\u0165ov\u00e1n\u00ed<\/h5>\n<p>[\/et_pb_text][\/et_pb_column_inner][et_pb_column_inner type=&#8220;1_3&#8243; saved_specialty_column_type=&#8220;3_4&#8243; _builder_version=&#8220;4.16&#8243; _module_preset=&#8220;default&#8220; custom_padding=&#8220;10px|10px|10px|10px|true|true&#8220; box_shadow_style=&#8220;preset6&#8243; box_shadow_blur=&#8220;11px&#8220; box_shadow_color=&#8220;rgba(12,113,195,0.3)&#8220; global_colors_info=&#8220;{}&#8220; box_shadow_color__hover_enabled=&#8220;on|desktop&#8220; box_shadow_color__hover=&#8220;rgba(169,45,49,0.7)&#8220;][\/et_pb_column_inner][et_pb_column_inner type=&#8220;1_3&#8243; saved_specialty_column_type=&#8220;3_4&#8243; _builder_version=&#8220;4.16&#8243; _module_preset=&#8220;default&#8220; custom_padding=&#8220;10px|10px|10px|10px|true|true&#8220; box_shadow_style=&#8220;preset6&#8243; box_shadow_blur=&#8220;11px&#8220; box_shadow_color=&#8220;rgba(12,113,195,0.3)&#8220; global_colors_info=&#8220;{}&#8220; box_shadow_color__hover_enabled=&#8220;on|desktop&#8220; box_shadow_color__hover=&#8220;rgba(169,45,49,0.7)&#8220;][\/et_pb_column_inner][\/et_pb_row_inner][\/et_pb_column][\/et_pb_section]<\/p>\n","protected":false},"excerpt":{"rendered":"<p>Smr\u0161\u0165ov\u00e1n\u00ed hadicDSG Canusa &#8211; mobiln\u00ed verzeDSG Canusa &#8211; stoln\u00ed verzeDSG Canusa &#8211; stoln\u00ed verzeTERAWO Automation IR smr\u0161\u0165ov\u00e1n\u00ed<\/p>","protected":false},"author":5,"featured_media":0,"parent":0,"menu_order":0,"comment_status":"closed","ping_status":"closed","template":"","meta":{"_et_pb_use_builder":"on","_et_pb_old_content":"","_et_gb_content_width":"","footnotes":""},"class_list":["post-1605","page","type-page","status-publish","hentry"],"_links":{"self":[{"href":"https:\/\/irm.cz\/en\/wp-json\/wp\/v2\/pages\/1605","targetHints":{"allow":["GET"]}}],"collection":[{"href":"https:\/\/irm.cz\/en\/wp-json\/wp\/v2\/pages"}],"about":[{"href":"https:\/\/irm.cz\/en\/wp-json\/wp\/v2\/types\/page"}],"author":[{"embeddable":true,"href":"https:\/\/irm.cz\/en\/wp-json\/wp\/v2\/users\/5"}],"replies":[{"embeddable":true,"href":"https:\/\/irm.cz\/en\/wp-json\/wp\/v2\/comments?post=1605"}],"version-history":[{"count":12,"href":"https:\/\/irm.cz\/en\/wp-json\/wp\/v2\/pages\/1605\/revisions"}],"predecessor-version":[{"id":1693,"href":"https:\/\/irm.cz\/en\/wp-json\/wp\/v2\/pages\/1605\/revisions\/1693"}],"wp:attachment":[{"href":"https:\/\/irm.cz\/en\/wp-json\/wp\/v2\/media?parent=1605"}],"curies":[{"name":"wp","href":"https:\/\/api.w.org\/{rel}","templated":true}]}}