{"id":30,"date":"2021-07-08T08:22:23","date_gmt":"2021-07-08T08:22:23","guid":{"rendered":"http:\/\/irm.cz\/?page_id=30"},"modified":"2025-01-23T11:39:39","modified_gmt":"2025-01-23T11:39:39","slug":"service","status":"publish","type":"page","link":"https:\/\/irm.cz\/en\/servis\/","title":{"rendered":"Service"},"content":{"rendered":"<p>[et_pb_section fb_built=&#8220;1&#8243; _builder_version=&#8220;4.16&#8243; _module_preset=&#8220;default&#8220; global_colors_info=&#8220;{}&#8220;][et_pb_row _builder_version=&#8220;4.16&#8243; _module_preset=&#8220;default&#8220; global_colors_info=&#8220;{}&#8220;][et_pb_column type=&#8220;4_4&#8243; _builder_version=&#8220;4.16&#8243; _module_preset=&#8220;default&#8220; global_colors_info=&#8220;{}&#8220;][et_pb_text module_class=&#8220;odrazky&#8220; _builder_version=&#8220;4.27.4&#8243; _module_preset=&#8220;default&#8220; hover_enabled=&#8220;0&#8243; global_colors_info=&#8220;{}&#8220; sticky_enabled=&#8220;0&#8243;]<\/p>\n<h1>Servis<\/h1>\n<p>&nbsp;<\/p>\n<h2>Prov\u00e1d\u00edme servisn\u00ed opravy:<\/h2>\n<p>&nbsp;<\/p>\n<ul>\n<li>lis\u016f v\u010detn\u011b jejich p\u0159\u00edslu\u0161enstv\u00ed<\/li>\n<li>lisovac\u00edch p\u0159\u00edpravk\u016f r\u016fzn\u00fdch v\u00fdrobc\u016f<\/li>\n<li>st\u0159ihac\u00edch a odizolovac\u00edch poloautomatick\u00fdch stroj\u016f<\/li>\n<li>st\u0159ihac\u00edch a odizolovac\u00edch automatick\u00fdch stroj\u016f<\/li>\n<li>specifick\u00fdch stroj\u016f a za\u0159\u00edzen\u00ed pro v\u00fdrobu kabelov\u00fdch svazk\u016f<\/li>\n<li>navl\u00e9kac\u00edch li\u0161t K136 a mci761, mci762<\/li>\n<li>ultrazvukov\u00fdch sva\u0159ovac\u00edch syst\u00e9m\u016f Schunk Minic, Minic 2, RK2050<\/li>\n<li>prov\u00e1d\u00edme validace krimpovac\u00edch lis\u016f za\u0159\u00edzen\u00edm C-Tec Pal 3001<\/li>\n<li>servis a periodick\u00e9 prohl\u00eddky za\u0159\u00edzen\u00ed u z\u00e1kazn\u00edka<\/li>\n<\/ul>\n<p>&nbsp;<\/p>\n<p>[\/et_pb_text][\/et_pb_column][\/et_pb_row][\/et_pb_section]<\/p>\n","protected":false},"excerpt":{"rendered":"<p>Servis &nbsp; Prov\u00e1d\u00edme servisn\u00ed opravy: &nbsp; lis\u016f v\u010detn\u011b jejich p\u0159\u00edslu\u0161enstv\u00ed lisovac\u00edch p\u0159\u00edpravk\u016f r\u016fzn\u00fdch v\u00fdrobc\u016f st\u0159ihac\u00edch a odizolovac\u00edch poloautomatick\u00fdch stroj\u016f st\u0159ihac\u00edch a odizolovac\u00edch automatick\u00fdch stroj\u016f specifick\u00fdch stroj\u016f a za\u0159\u00edzen\u00ed pro v\u00fdrobu kabelov\u00fdch svazk\u016f navl\u00e9kac\u00edch li\u0161t K136 a mci761, mci762 ultrazvukov\u00fdch sva\u0159ovac\u00edch syst\u00e9m\u016f Schunk Minic, Minic 2, RK2050 prov\u00e1d\u00edme validace krimpovac\u00edch lis\u016f za\u0159\u00edzen\u00edm C-Tec Pal 3001 servis [&hellip;]<\/p>\n","protected":false},"author":1,"featured_media":0,"parent":0,"menu_order":0,"comment_status":"closed","ping_status":"closed","template":"","meta":{"_et_pb_use_builder":"on","_et_pb_old_content":"","_et_gb_content_width":"","footnotes":""},"class_list":["post-30","page","type-page","status-publish","hentry"],"_links":{"self":[{"href":"https:\/\/irm.cz\/en\/wp-json\/wp\/v2\/pages\/30","targetHints":{"allow":["GET"]}}],"collection":[{"href":"https:\/\/irm.cz\/en\/wp-json\/wp\/v2\/pages"}],"about":[{"href":"https:\/\/irm.cz\/en\/wp-json\/wp\/v2\/types\/page"}],"author":[{"embeddable":true,"href":"https:\/\/irm.cz\/en\/wp-json\/wp\/v2\/users\/1"}],"replies":[{"embeddable":true,"href":"https:\/\/irm.cz\/en\/wp-json\/wp\/v2\/comments?post=30"}],"version-history":[{"count":4,"href":"https:\/\/irm.cz\/en\/wp-json\/wp\/v2\/pages\/30\/revisions"}],"predecessor-version":[{"id":1220,"href":"https:\/\/irm.cz\/en\/wp-json\/wp\/v2\/pages\/30\/revisions\/1220"}],"wp:attachment":[{"href":"https:\/\/irm.cz\/en\/wp-json\/wp\/v2\/media?parent=30"}],"curies":[{"name":"wp","href":"https:\/\/api.w.org\/{rel}","templated":true}]}}