{"id":32,"date":"2021-07-08T08:22:35","date_gmt":"2021-07-08T08:22:35","guid":{"rendered":"http:\/\/irm.cz\/?page_id=32"},"modified":"2026-05-05T13:55:00","modified_gmt":"2026-05-05T13:55:00","slug":"contact","status":"publish","type":"page","link":"https:\/\/irm.cz\/en\/kontakty\/","title":{"rendered":"Contacts"},"content":{"rendered":"<p>[et_pb_section fb_built=&#8220;1&#8243; _builder_version=&#8220;4.16&#8243; _module_preset=&#8220;default&#8220; global_colors_info=&#8220;{}&#8220;][et_pb_row column_structure=&#8220;1_3,1_3,1_3&#8243; _builder_version=&#8220;4.25.0&#8243; _module_preset=&#8220;default&#8220; global_colors_info=&#8220;{}&#8220;][et_pb_column type=&#8220;1_3&#8243; _builder_version=&#8220;4.16&#8243; _module_preset=&#8220;default&#8220; global_colors_info=&#8220;{}&#8220;][et_pb_text module_class=&#8220;odrazky&#8220; _builder_version=&#8220;4.16&#8243; _module_preset=&#8220;default&#8220; global_colors_info=&#8220;{}&#8220;]<\/p>\n<h1>Kontakty<\/h1>\n<p>&nbsp;<\/p>\n<p>[\/et_pb_text][et_pb_text _builder_version=&#8220;4.25.0&#8243; _module_preset=&#8220;default&#8220; custom_margin=&#8220;||||false|false&#8220; global_colors_info=&#8220;{}&#8220;]<\/p>\n<h3><strong>Pavel \u0158\u00edmek<\/strong><\/h3>\n<p><em><strong>Jednatel spole\u010dnosti<\/strong><\/em><\/p>\n<p><strong>Tel.:<\/strong> +420 603 265 756<br \/><strong>Fax:<\/strong> +420 220 921 243<br \/><strong>E-mail:<\/strong> <a href=\"mailto:pavel.rimek@irm.cz\">pavel.rimek@irm.cz<\/a><\/p>\n<p>[\/et_pb_text][et_pb_text _builder_version=&#8220;4.16&#8243; _module_preset=&#8220;default&#8220; custom_margin=&#8220;52px||||false|false&#8220; global_colors_info=&#8220;{}&#8220;]<\/p>\n<p><strong>S\u00eddlo:<\/strong><\/p>\n<p>[\/et_pb_text][et_pb_code _builder_version=&#8220;4.16&#8243; _module_preset=&#8220;default&#8220; custom_margin=&#8220;31px||||false|false&#8220; global_colors_info=&#8220;{}&#8220;]<iframe src=\"https:\/\/www.google.com\/maps\/embed?pb=!1m18!1m12!1m3!1d2557.3673384353906!2d14.381426115949933!3d50.13555957943317!2m3!1f0!2f0!3f0!3m2!1i1024!2i768!4f13.1!3m3!1m2!1s0x470beabd2084def3%3A0xed661661d4570649!2sP%C5%99i%20Hranici%2087%2C%20160%2000%20Praha-Suchdol-Sedlec!5e0!3m2!1scs!2scz!4v1633984843309!5m2!1scs!2scz\" width=\"600\" height=\"250\" style=\"border:0;\" allowfullscreen=\"\" loading=\"lazy\"><\/iframe>[\/et_pb_code][\/et_pb_column][et_pb_column type=&#8220;1_3&#8243; _builder_version=&#8220;4.16&#8243; _module_preset=&#8220;default&#8220; global_colors_info=&#8220;{}&#8220;][\/et_pb_column][et_pb_column type=&#8220;1_3&#8243; _builder_version=&#8220;4.25.0&#8243; _module_preset=&#8220;default&#8220; global_colors_info=&#8220;{}&#8220;][et_pb_text _builder_version=&#8220;4.25.0&#8243; _module_preset=&#8220;default&#8220; custom_margin=&#8220;89px||||false|false&#8220; global_colors_info=&#8220;{}&#8220;]<\/p>\n<p><strong>Ivana \u0158\u00edmkov\u00e1<\/strong><\/p>\n<p><em><strong>Finance<\/strong><\/em><\/p>\n<p><strong>Tel.:<\/strong> +420 605 210 331<br \/><strong>Fax:<\/strong> +420 220 921 243<br \/><strong>E-mail:<\/strong> <a href=\"mailto:ivana.rimkova@irm.cz\">ivana.rimkova@irm.cz<\/a><br \/><strong>E-mail:<\/strong> <a href=\"mailto:finance@irm.cz\">finance@irm.cz<\/a><\/p>\n<p>[\/et_pb_text][et_pb_text _builder_version=&#8220;4.27.5&#8243; _module_preset=&#8220;default&#8220; custom_margin=&#8220;89px||||false|false&#8220; hover_enabled=&#8220;0&#8243; global_colors_info=&#8220;{}&#8220; sticky_enabled=&#8220;0&#8243;]<\/p>\n<p><strong>Pavel Mro\u010dek<\/strong><\/p>\n<p><em><strong>Mana\u017eer prodeje<\/strong><\/em><\/p>\n<p><strong>Tel.:<\/strong> +420 603 923 219<br \/><strong>Fax:<\/strong> +420 220 921 243<br \/>E-mail: <a href=\"mailto:pavel.mrocek@irm.cz\">pavel.mrocek@irm.cz<\/a><\/p>\n<p>[\/et_pb_text][\/et_pb_column][\/et_pb_row][et_pb_row _builder_version=&#8220;4.25.0&#8243; _module_preset=&#8220;default&#8220; global_colors_info=&#8220;{}&#8220;][et_pb_column type=&#8220;4_4&#8243; _builder_version=&#8220;4.25.0&#8243; _module_preset=&#8220;default&#8220; global_colors_info=&#8220;{}&#8220;][et_pb_divider _builder_version=&#8220;4.25.0&#8243; _module_preset=&#8220;default&#8220; global_colors_info=&#8220;{}&#8220;][\/et_pb_divider][\/et_pb_column][\/et_pb_row][et_pb_row column_structure=&#8220;1_3,1_3,1_3&#8243; _builder_version=&#8220;4.25.0&#8243; _module_preset=&#8220;default&#8220; min_height=&#8220;391px&#8220; custom_padding=&#8220;60px|||||&#8220; global_colors_info=&#8220;{}&#8220;][et_pb_column type=&#8220;1_3&#8243; _builder_version=&#8220;4.25.0&#8243; _module_preset=&#8220;default&#8220; global_colors_info=&#8220;{}&#8220;][et_pb_text _builder_version=&#8220;4.16&#8243; _module_preset=&#8220;default&#8220; global_colors_info=&#8220;{}&#8220;]<\/p>\n<p><strong>Servisn\u00ed st\u0159edisko Brtnice:<\/strong><\/p>\n<p>[\/et_pb_text][et_pb_code _builder_version=&#8220;4.16&#8243; _module_preset=&#8220;default&#8220; min_height=&#8220;266.8px&#8220; custom_padding=&#8220;80px|||||&#8220; global_colors_info=&#8220;{}&#8220;]<iframe src=\"https:\/\/www.google.com\/maps\/embed?pb=!1m18!1m12!1m3!1d2601.662092376053!2d15.672796415924047!3d49.301743879333486!2m3!1f0!2f0!3f0!3m2!1i1024!2i768!4f13.1!3m3!1m2!1s0x470d15df62d6082f%3A0xd9244cfe4161bd92!2sVald%C5%A1tejnsk%C3%A1%2087%2C%20588%2032%20Brtnice!5e0!3m2!1scs!2scz!4v1633985241493!5m2!1scs!2scz\" width=\"600\" height=\"250\" style=\"border:0;\" allowfullscreen=\"\" loading=\"lazy\"><\/iframe>[\/et_pb_code][\/et_pb_column][et_pb_column type=&#8220;1_3&#8243; _builder_version=&#8220;4.25.0&#8243; _module_preset=&#8220;default&#8220; global_colors_info=&#8220;{}&#8220;][et_pb_text _builder_version=&#8220;4.25.0&#8243; _module_preset=&#8220;default&#8220; custom_margin=&#8220;89px||||false|false&#8220; global_colors_info=&#8220;{}&#8220;]<\/p>\n<p><strong>Ji\u0159\u00ed \u0160indelka<\/strong><\/p>\n<p><em><strong>Vedouc\u00ed pobo\u010dky, servisn\u00ed technik<\/strong><\/em><\/p>\n<p><strong>Tel.:<\/strong> +420 734 757 401<\/p>\n<p>E-mail: <a href=\"mailto:pavel.mrocek@irm.cz\">jiri.sindelka@irm.cz<\/a><\/p>\n<p>[\/et_pb_text][et_pb_text _builder_version=&#8220;4.27.4&#8243; _module_preset=&#8220;default&#8220; custom_margin=&#8220;89px||||false|false&#8220; global_colors_info=&#8220;{}&#8220;]<\/p>\n<p><strong>Josef \u0160teffan<\/strong><\/p>\n<p><em><strong>Lisovac\u00ed n\u00e1stroje, konstrukce<\/strong><\/em><\/p>\n<p><strong>Tel.:<\/strong> +420 734 757 400<\/p>\n<p>E-mail: <a href=\"mailto:pavel.mrocek@irm.cz\">josef.steffan@irm.cz<\/a><\/p>\n<p>[\/et_pb_text][et_pb_text _builder_version=&#8220;4.27.5&#8243; _module_preset=&#8220;default&#8220; custom_margin=&#8220;89px||||false|false&#8220; global_colors_info=&#8220;{}&#8220;]<\/p>\n<p><strong>Michaela \u0160mardov\u00e1<\/strong><\/p>\n<p><em><strong>Lisovac\u00ed n\u00e1stroje, administrativa<\/strong><\/em><\/p>\n<p><strong>Tel.:<\/strong> +420 775 750 845<\/p>\n<p>E-mail: <a href=\"mailto:pavel.mrocek@irm.cz\">michaela.smardova@irm.cz<\/a><\/p>\n<p>[\/et_pb_text][\/et_pb_column][et_pb_column type=&#8220;1_3&#8243; _builder_version=&#8220;4.25.0&#8243; _module_preset=&#8220;default&#8220; global_colors_info=&#8220;{}&#8220;][et_pb_text _builder_version=&#8220;4.25.0&#8243; _module_preset=&#8220;default&#8220; custom_margin=&#8220;89px||||false|false&#8220; global_colors_info=&#8220;{}&#8220;]<\/p>\n<p><strong>Kamila Hobzov\u00e1<\/strong><\/p>\n<p><em><strong>Administrativa<\/strong><\/em><\/p>\n<p><strong>Tel.:<\/strong> +420 734 233 731<\/p>\n<p>E-mail: <a href=\"mailto:pavel.mrocek@irm.cz\">kamila.hobzova@irm.cz<\/a><\/p>\n<p>[\/et_pb_text][et_pb_text _builder_version=&#8220;4.25.0&#8243; _module_preset=&#8220;default&#8220; custom_margin=&#8220;89px||||false|false&#8220; global_colors_info=&#8220;{}&#8220;]<\/p>\n<p><strong>Petr Sal\u00e1t<\/strong><\/p>\n<p><em><strong>Vedouc\u00ed v\u00fdroby<\/strong><\/em><\/p>\n<p><strong>Tel.:<\/strong> +420 774 767 116<\/p>\n<p>E-mail: <a href=\"mailto:pavel.mrocek@irm.cz\">petr.salat@irm.cz<\/a><\/p>\n<p>[\/et_pb_text][\/et_pb_column][\/et_pb_row][et_pb_row _builder_version=&#8220;4.25.0&#8243; _module_preset=&#8220;default&#8220; global_colors_info=&#8220;{}&#8220;][et_pb_column type=&#8220;4_4&#8243; _builder_version=&#8220;4.25.0&#8243; _module_preset=&#8220;default&#8220; global_colors_info=&#8220;{}&#8220;][et_pb_divider _builder_version=&#8220;4.25.0&#8243; _module_preset=&#8220;default&#8220; global_colors_info=&#8220;{}&#8220;][\/et_pb_divider][\/et_pb_column][\/et_pb_row][et_pb_row column_structure=&#8220;1_3,1_3,1_3&#8243; _builder_version=&#8220;4.25.0&#8243; _module_preset=&#8220;default&#8220; custom_padding=&#8220;60px|||||&#8220; global_colors_info=&#8220;{}&#8220;][et_pb_column type=&#8220;1_3&#8243; _builder_version=&#8220;4.25.0&#8243; _module_preset=&#8220;default&#8220; global_colors_info=&#8220;{}&#8220;][et_pb_text _builder_version=&#8220;4.25.0&#8243; _module_preset=&#8220;default&#8220; global_colors_info=&#8220;{}&#8220;]<\/p>\n<p><strong>Servisn\u00ed st\u0159edisko St\u0159\u00edbro:<\/strong><\/p>\n<p>[\/et_pb_text][et_pb_code _builder_version=&#8220;4.16&#8243; _module_preset=&#8220;default&#8220; custom_margin=&#8220;31px||||false|false&#8220; custom_padding=&#8220;80px|||||&#8220; global_colors_info=&#8220;{}&#8220;]<iframe src=\"https:\/\/www.google.com\/maps\/embed?pb=!1m18!1m12!1m3!1d2578.0287632786153!2d12.995547315937854!3d49.747902579384565!2m3!1f0!2f0!3f0!3m2!1i1024!2i768!4f13.1!3m3!1m2!1s0x470a9a8c4dfcc19d%3A0x1fe5f93571e854ec!2zU3TFmcOtYnJvIDE1ODIsIDM0OSAwMSBTdMWZw61icm8!5e0!3m2!1scs!2scz!4v1633985352643!5m2!1scs!2scz\" width=\"600\" height=\"250\" style=\"border:0;\" allowfullscreen=\"\" loading=\"lazy\"><\/iframe>[\/et_pb_code][\/et_pb_column][et_pb_column type=&#8220;1_3&#8243; _builder_version=&#8220;4.25.0&#8243; _module_preset=&#8220;default&#8220; global_colors_info=&#8220;{}&#8220;][et_pb_text _builder_version=&#8220;4.25.0&#8243; _module_preset=&#8220;default&#8220; custom_margin=&#8220;89px||||false|false&#8220; global_colors_info=&#8220;{}&#8220;]<\/p>\n<p><strong>V\u00e1clav \u0160neberk<\/strong><\/p>\n<p><em><strong>Vedouc\u00ed pobo\u010dky, servisn\u00ed technik<\/strong><\/em><\/p>\n<p><strong>Tel.:<\/strong> +420 775 899 620<\/p>\n<p>E-mail: <a href=\"mailto:pavel.mrocek@irm.cz\">vaclav.sneberk@irm.cz<\/a><\/p>\n<p>[\/et_pb_text][\/et_pb_column][et_pb_column type=&#8220;1_3&#8243; _builder_version=&#8220;4.25.0&#8243; _module_preset=&#8220;default&#8220; global_colors_info=&#8220;{}&#8220;][et_pb_text _builder_version=&#8220;4.25.0&#8243; _module_preset=&#8220;default&#8220; custom_margin=&#8220;89px||||false|false&#8220; global_colors_info=&#8220;{}&#8220;]<\/p>\n<p><strong>Peter Bal\u00e1\u017e<\/strong><\/p>\n<p><em><strong>Konstrukce, n\u00e1stroje<\/strong><\/em><\/p>\n<p><strong>Tel.:<\/strong> +420 778 887 956<\/p>\n<p>E-mail: <a href=\"mailto:pavel.mrocek@irm.cz\">peter.balaz@irm.cz<\/a><\/p>\n<p>[\/et_pb_text][et_pb_text _builder_version=&#8220;4.25.0&#8243; _module_preset=&#8220;default&#8220; custom_margin=&#8220;89px||||false|false&#8220; global_colors_info=&#8220;{}&#8220;]<\/p>\n<p><strong>Petr Li\u0161ka<\/strong><\/p>\n<p><em><strong>Servisn\u00ed technik<\/strong><\/em><\/p>\n<p><strong>Tel.:<\/strong> +420 775 899 624<\/p>\n<p>E-mail: <a href=\"mailto:pavel.mrocek@irm.cz\">petr.liska@irm.cz<\/a><\/p>\n<p>[\/et_pb_text][\/et_pb_column][\/et_pb_row][\/et_pb_section]<\/p>\n","protected":false},"excerpt":{"rendered":"<p>Kontakty &nbsp;Pavel \u0158\u00edmek Jednatel spole\u010dnosti Tel.: +420 603 265 756Fax: +420 220 921 243E-mail: pavel.rimek@irm.czS\u00eddlo:Ivana \u0158\u00edmkov\u00e1 Finance Tel.: +420 605 210 331Fax: +420 220 921 243E-mail: ivana.rimkova@irm.czE-mail: finance@irm.czPavel Mro\u010dek Mana\u017eer prodeje Tel.: +420 603 923 219Fax: +420 220 921 243E-mail: pavel.mrocek@irm.czServisn\u00ed st\u0159edisko Brtnice:Ji\u0159\u00ed \u0160indelka Vedouc\u00ed pobo\u010dky, servisn\u00ed technik Tel.: +420 734 757 401 E-mail: jiri.sindelka@irm.czJosef [&hellip;]<\/p>\n","protected":false},"author":1,"featured_media":0,"parent":0,"menu_order":0,"comment_status":"closed","ping_status":"closed","template":"","meta":{"_et_pb_use_builder":"on","_et_pb_old_content":"<!-- wp:divi\/placeholder \/-->","_et_gb_content_width":"","footnotes":""},"class_list":["post-32","page","type-page","status-publish","hentry"],"_links":{"self":[{"href":"https:\/\/irm.cz\/en\/wp-json\/wp\/v2\/pages\/32","targetHints":{"allow":["GET"]}}],"collection":[{"href":"https:\/\/irm.cz\/en\/wp-json\/wp\/v2\/pages"}],"about":[{"href":"https:\/\/irm.cz\/en\/wp-json\/wp\/v2\/types\/page"}],"author":[{"embeddable":true,"href":"https:\/\/irm.cz\/en\/wp-json\/wp\/v2\/users\/1"}],"replies":[{"embeddable":true,"href":"https:\/\/irm.cz\/en\/wp-json\/wp\/v2\/comments?post=32"}],"version-history":[{"count":14,"href":"https:\/\/irm.cz\/en\/wp-json\/wp\/v2\/pages\/32\/revisions"}],"predecessor-version":[{"id":2157,"href":"https:\/\/irm.cz\/en\/wp-json\/wp\/v2\/pages\/32\/revisions\/2157"}],"wp:attachment":[{"href":"https:\/\/irm.cz\/en\/wp-json\/wp\/v2\/media?parent=32"}],"curies":[{"name":"wp","href":"https:\/\/api.w.org\/{rel}","templated":true}]}}